{"id":57,"date":"2023-02-08T19:49:04","date_gmt":"2023-02-08T18:49:04","guid":{"rendered":"http:\/\/talleufamily.fr\/?page_id=57"},"modified":"2024-09-17T23:49:10","modified_gmt":"2024-09-17T21:49:10","slug":"mon-matos","status":"publish","type":"page","link":"https:\/\/talleufamily.fr\/index.php\/mon-matos\/","title":{"rendered":"Mon Matos"},"content":{"rendered":"\n<p><\/p>\n\n\n\n<p><\/p>\n\n\n<div class=\"wp-block-image\">\n<figure class=\"aligncenter size-full is-resized\"><img loading=\"lazy\" decoding=\"async\" width=\"960\" height=\"720\" src=\"http:\/\/talleufamily.fr\/wp-content\/uploads\/2023\/02\/guitare1.jpg\" alt=\"\" class=\"wp-image-64\" style=\"width:661px;height:auto\" srcset=\"https:\/\/talleufamily.fr\/wp-content\/uploads\/2023\/02\/guitare1.jpg 960w, https:\/\/talleufamily.fr\/wp-content\/uploads\/2023\/02\/guitare1-300x225.jpg 300w, https:\/\/talleufamily.fr\/wp-content\/uploads\/2023\/02\/guitare1-768x576.jpg 768w, https:\/\/talleufamily.fr\/wp-content\/uploads\/2023\/02\/guitare1-600x450.jpg 600w\" sizes=\"auto, (max-width: 960px) 100vw, 960px\" \/><\/figure>\n<\/div>\n\n\n<p><\/p>\n\n\n\n<p><\/p>\n\n\n<div class=\"wp-block-image\">\n<figure class=\"aligncenter size-full is-resized\"><img loading=\"lazy\" decoding=\"async\" width=\"144\" height=\"452\" src=\"http:\/\/talleufamily.fr\/wp-content\/uploads\/2023\/02\/lespaul1.png\" alt=\"\" class=\"wp-image-65\" style=\"width:88px;height:276px\" srcset=\"https:\/\/talleufamily.fr\/wp-content\/uploads\/2023\/02\/lespaul1.png 144w, https:\/\/talleufamily.fr\/wp-content\/uploads\/2023\/02\/lespaul1-96x300.png 96w\" sizes=\"auto, (max-width: 144px) 100vw, 144px\" \/><\/figure>\n<\/div>\n\n\n<blockquote class=\"wp-block-quote has-text-align-center is-layout-flow wp-block-quote-is-layout-flow\">\n<p><\/p>\n<\/blockquote>\n\n\n\n<p style=\"font-size:20px;font-style:normal;font-weight:600\"><\/p>\n\n\n\n<div class=\"wp-block-columns is-layout-flex wp-container-core-columns-is-layout-9d6595d7 wp-block-columns-is-layout-flex\">\n<div class=\"wp-block-column is-layout-flow wp-block-column-is-layout-flow\" style=\"--col-width:25%;flex-basis:25%\"><\/div>\n\n\n\n<div class=\"wp-block-column is-layout-flow wp-block-column-is-layout-flow\" style=\"--col-width:50%;flex-basis:50%\">\n<p style=\"font-size:20px;font-style:normal;font-weight:600\">Guitare 1Ibanez Roadstar II RS315 MS<br>Guitare 2 Fender American Standard Stratocaster E924032 \/ kit EMG DG20 David Gilmour<br>Guitare 3 Harley Benton Elec\u00adtric Guitar Kit ST-Style avec micro strat usa<br>Guitare 4 Fender Classic Player Baja Telecaster<br>Guitare 5 Aria Pro II RS-X80<br>Guitare 6 Epiphone Les Paul Tribute Plus FC Faded Cherry Sunburst<\/p>\n<\/div>\n\n\n\n<div class=\"wp-block-column is-layout-flow wp-block-column-is-layout-flow\" style=\"--col-width:25%;flex-basis:25%\"><\/div>\n<\/div>\n\n\n<div class=\"wp-block-image\">\n<figure class=\"aligncenter size-full\"><img loading=\"lazy\" decoding=\"async\" width=\"400\" height=\"338\" src=\"http:\/\/talleufamily.fr\/wp-content\/uploads\/2023\/02\/super60.png\" alt=\"\" class=\"wp-image-71\" srcset=\"https:\/\/talleufamily.fr\/wp-content\/uploads\/2023\/02\/super60.png 400w, https:\/\/talleufamily.fr\/wp-content\/uploads\/2023\/02\/super60-300x254.png 300w\" sizes=\"auto, (max-width: 400px) 100vw, 400px\" \/><\/figure>\n<\/div>\n\n\n<blockquote class=\"wp-block-quote has-text-align-center is-layout-flow wp-block-quote-is-layout-flow\">\n<p>Super 60 1988-1992 -60w ( donc du gros gros son )<br>Ampli \u00e0 lampes (Lampes 2x 6L6GC + 2x 12AX7+ 1x 12AT7)&nbsp; &nbsp; &nbsp;<br>Une boucle d&rsquo;effet sans control \u00e0 l&rsquo;arriere<br>2 Canaux et 1 equaliseur<\/p>\n<\/blockquote>\n\n\n\n<blockquote class=\"wp-block-quote has-text-align-center is-layout-flow wp-block-quote-is-layout-flow\">\n<blockquote class=\"wp-block-quote has-text-align-center is-layout-flow wp-block-quote-is-layout-flow\" style=\"font-size:20px;font-style:normal;font-weight:600\">\n<blockquote class=\"wp-block-quote is-layout-flow wp-block-quote-is-layout-flow\">\n<p><\/p>\n<\/blockquote>\n<\/blockquote>\n<\/blockquote>\n\n\n<div class=\"wp-block-image\">\n<figure class=\"aligncenter size-full\"><img loading=\"lazy\" decoding=\"async\" width=\"400\" height=\"196\" src=\"http:\/\/talleufamily.fr\/wp-content\/uploads\/2023\/02\/boss-gt-8-19947.png\" alt=\"\" class=\"wp-image-76\" srcset=\"https:\/\/talleufamily.fr\/wp-content\/uploads\/2023\/02\/boss-gt-8-19947.png 400w, https:\/\/talleufamily.fr\/wp-content\/uploads\/2023\/02\/boss-gt-8-19947-300x147.png 300w\" sizes=\"auto, (max-width: 400px) 100vw, 400px\" \/><\/figure>\n<\/div>\n\n\n<blockquote class=\"wp-block-quote has-text-align-center is-style-plain is-layout-flow wp-block-quote-is-layout-flow\">\n<blockquote class=\"wp-block-quote has-text-align-center is-layout-flow wp-block-quote-is-layout-flow\">\n<blockquote class=\"wp-block-quote is-style-plain is-layout-flow wp-block-quote-is-layout-flow\" style=\"font-size:20px;font-style:normal;font-weight:600\">\n<blockquote class=\"wp-block-quote is-layout-flow wp-block-quote-is-layout-flow\">\n<blockquote class=\"wp-block-quote is-layout-flow wp-block-quote-is-layout-flow\">\n<blockquote class=\"wp-block-quote is-style-plain is-layout-flow wp-block-quote-is-layout-flow\">\n<p><\/p>\n<\/blockquote>\n<\/blockquote>\n<\/blockquote>\n<\/blockquote>\n<\/blockquote>\n<\/blockquote>\n\n\n\n<blockquote class=\"wp-block-quote is-layout-flow wp-block-quote-is-layout-flow\">\n<blockquote class=\"wp-block-quote has-text-align-center is-style-plain is-layout-flow wp-block-quote-is-layout-flow\" style=\"font-size:20px;font-style:normal;font-weight:600\">\n<p>Fabricant&nbsp;:Boss Mod\u00e8le&nbsp;:GT-8<br>Cat\u00e9gorie&nbsp;:Multi-effets pour guitare \u00e9lectrique<\/p>\n<\/blockquote>\n<\/blockquote>\n\n\n\n<div class=\"wp-block-columns is-layout-flex wp-container-core-columns-is-layout-9d6595d7 wp-block-columns-is-layout-flex\">\n<div class=\"wp-block-column is-layout-flow wp-block-column-is-layout-flow\" style=\"--col-width:25%;flex-basis:25%\"><\/div>\n\n\n\n<div class=\"wp-block-column is-layout-flow wp-block-column-is-layout-flow\" style=\"--col-width:100%;flex-basis:100%\">\n<blockquote class=\"wp-block-quote is-layout-flow wp-block-quote-is-layout-flow\">\n<p class=\"has-text-align-center has-black-color has-text-color has-background has-link-color wp-elements-72fd9fe5fb09b1c95379deee9678a4f1\" style=\"background-color:#fcfa00\"><a href=\"https:\/\/guitarpatches.com\/patches.php?unit=gt8\">patch site 1<\/a><\/p>\n\n\n\n<div class=\"wp-block-file aligncenter has-background\" style=\"background-color:#fcfa00\"><a id=\"wp-block-file--media-e2099075-3843-4b7b-9b37-e1d7b405c4c8\" href=\"http:\/\/talleufamily.fr\/wp-content\/uploads\/2024\/09\/Patches-Boss-GT8.zip\">Patches Boss GT8<\/a><a href=\"http:\/\/talleufamily.fr\/wp-content\/uploads\/2024\/09\/Patches-Boss-GT8.zip\" class=\"wp-block-file__button wp-element-button\" download aria-describedby=\"wp-block-file--media-e2099075-3843-4b7b-9b37-e1d7b405c4c8\">T\u00e9l\u00e9charger<\/a><\/div>\n<\/blockquote>\n<\/div>\n\n\n\n<div class=\"wp-block-column is-layout-flow wp-block-column-is-layout-flow\" style=\"--col-width:25%;flex-basis:25%\"><\/div>\n<\/div>\n\n\n\n<p><\/p>\n","protected":false},"excerpt":{"rendered":"<p>Guitare 1Ibanez Roadstar II RS315 MSGuitare 2 Fender American Standard Stratocaster E924032 \/ kit EMG DG20 David GilmourGuitare 3 Harley Benton Elec\u00adtric Guitar Kit ST-Style avec micro strat usaGuitare 4 Fender Classic Player Baja TelecasterGuitare 5 Aria Pro II RS-X80Guitare 6 Epiphone Les Paul Tribute Plus FC Faded Cherry Sunburst Super 60 1988-1992 -60w ( [&hellip;]<\/p>\n","protected":false},"author":1,"featured_media":0,"parent":0,"menu_order":0,"comment_status":"closed","ping_status":"closed","template":"","meta":{"footnotes":""},"class_list":["post-57","page","type-page","status-publish","hentry","wp-image-borders"],"_links":{"self":[{"href":"https:\/\/talleufamily.fr\/index.php\/wp-json\/wp\/v2\/pages\/57","targetHints":{"allow":["GET"]}}],"collection":[{"href":"https:\/\/talleufamily.fr\/index.php\/wp-json\/wp\/v2\/pages"}],"about":[{"href":"https:\/\/talleufamily.fr\/index.php\/wp-json\/wp\/v2\/types\/page"}],"author":[{"embeddable":true,"href":"https:\/\/talleufamily.fr\/index.php\/wp-json\/wp\/v2\/users\/1"}],"replies":[{"embeddable":true,"href":"https:\/\/talleufamily.fr\/index.php\/wp-json\/wp\/v2\/comments?post=57"}],"version-history":[{"count":62,"href":"https:\/\/talleufamily.fr\/index.php\/wp-json\/wp\/v2\/pages\/57\/revisions"}],"predecessor-version":[{"id":1086,"href":"https:\/\/talleufamily.fr\/index.php\/wp-json\/wp\/v2\/pages\/57\/revisions\/1086"}],"wp:attachment":[{"href":"https:\/\/talleufamily.fr\/index.php\/wp-json\/wp\/v2\/media?parent=57"}],"curies":[{"name":"wp","href":"https:\/\/api.w.org\/{rel}","templated":true}]}}