{"id":1123,"date":"2024-09-19T00:47:57","date_gmt":"2024-09-18T22:47:57","guid":{"rendered":"https:\/\/talleufamily.fr\/?page_id=1123"},"modified":"2024-09-19T01:07:00","modified_gmt":"2024-09-18T23:07:00","slug":"galaxie","status":"publish","type":"page","link":"https:\/\/talleufamily.fr\/index.php\/galaxie\/","title":{"rendered":"Galaxie"},"content":{"rendered":"<div class=\"wp-block-image\">\n<figure class=\"aligncenter size-full\"><img loading=\"lazy\" decoding=\"async\" width=\"851\" height=\"317\" src=\"http:\/\/talleufamily.fr\/wp-content\/uploads\/2023\/02\/galaxy-2.jpg\" alt=\"\" class=\"wp-image-114\" srcset=\"https:\/\/talleufamily.fr\/wp-content\/uploads\/2023\/02\/galaxy-2.jpg 851w, https:\/\/talleufamily.fr\/wp-content\/uploads\/2023\/02\/galaxy-2-300x112.jpg 300w, https:\/\/talleufamily.fr\/wp-content\/uploads\/2023\/02\/galaxy-2-768x286.jpg 768w\" sizes=\"auto, (max-width: 851px) 100vw, 851px\" \/><\/figure>\n<\/div>\n\n\n<h2 class=\"wp-block-heading has-black-color has-text-color has-link-color wp-elements-9c133ee4b95e9e798f676d9b644b0fb6\"><\/h2>\n\n\n\n<blockquote class=\"wp-block-quote is-style-plain is-layout-flow wp-block-quote-is-layout-flow\">\n<p class=\"has-text-align-center .conteneur-de-texte { margin: 20px; \/* Ajustez la valeur selon vos besoins *\/ }\" style=\"font-style:normal;font-weight:600\">Il \u00e9tait une fois un groupe de copains qui voulait faire de la musique.<\/p>\n\n\n\n<p class=\"has-text-align-center .conteneur-de-texte { margin: 20px; \/* Ajustez la valeur selon vos besoins *\/ }\" style=\"font-style:normal;font-weight:600\"> Le groupe \u00e9tait compos\u00e9, pour son noyau dur, de D\u00e9D\u00e9 (chant et guitare), <\/p>\n\n\n\n<p class=\"has-text-align-center .conteneur-de-texte { margin: 20px; \/* Ajustez la valeur selon vos besoins *\/ }\" style=\"font-style:normal;font-weight:600\">Didi (basse et ch\u0153urs), Coco (claviers) et moi (guitare solo et ch\u0153urs), <\/p>\n\n\n\n<p class=\"has-text-align-center .conteneur-de-texte { margin: 20px; \/* Ajustez la valeur selon vos besoins *\/ }\" style=\"font-style:normal;font-weight:600\">puis des batteurs selon les \u00e9poques, JJ et P\u00e9p\u00e9 et sans oublier Nico (the choriste).<\/p>\n\n\n\n<p class=\"has-text-align-center .conteneur-de-texte { margin: 20px; \/* Ajustez la valeur selon vos besoins *\/ }\" style=\"font-style:normal;font-weight:600\">\u00c9galement, au tout d\u00e9but, Paulo (guitariste, RIP) et, \u00e0 une \u00e9poque, des ch\u0153urs f\u00e9minins.<\/p>\n<\/blockquote>\n\n\n<div class=\"wp-block-image\">\n<figure class=\"aligncenter size-large\"><img loading=\"lazy\" decoding=\"async\" width=\"1024\" height=\"661\" src=\"http:\/\/talleufamily.fr\/wp-content\/uploads\/2024\/09\/testpos1-1024x661.jpg\" alt=\"\" class=\"wp-image-273\" srcset=\"https:\/\/talleufamily.fr\/wp-content\/uploads\/2024\/09\/testpos1-1024x661.jpg 1024w, https:\/\/talleufamily.fr\/wp-content\/uploads\/2024\/09\/testpos1-300x194.jpg 300w, https:\/\/talleufamily.fr\/wp-content\/uploads\/2024\/09\/testpos1-768x495.jpg 768w, https:\/\/talleufamily.fr\/wp-content\/uploads\/2024\/09\/testpos1-1536x991.jpg 1536w, https:\/\/talleufamily.fr\/wp-content\/uploads\/2024\/09\/testpos1-2048x1321.jpg 2048w, https:\/\/talleufamily.fr\/wp-content\/uploads\/2024\/09\/testpos1-1240x800.jpg 1240w, https:\/\/talleufamily.fr\/wp-content\/uploads\/2024\/09\/testpos1-508x328.jpg 508w\" sizes=\"auto, (max-width: 1024px) 100vw, 1024px\" \/><\/figure>\n<\/div>\n\n\n<blockquote class=\"wp-block-quote is-style-plain is-layout-flow wp-block-quote-is-layout-flow\" style=\"font-style:normal;font-weight:600\">\n<div class=\"wp-block-group is-vertical is-content-justification-center is-layout-flex wp-container-core-group-is-layout-4b2eccd6 wp-block-group-is-layout-flex\">\n<div class=\"wp-block-group\"><div class=\"wp-block-group__inner-container is-layout-constrained wp-block-group-is-layout-constrained\">\n<blockquote class=\"wp-block-quote is-layout-flow wp-block-quote-is-layout-flow\">\n<div class=\"wp-block-group\"><div class=\"wp-block-group__inner-container is-layout-constrained wp-block-group-is-layout-constrained\">\n<p class=\"has-text-align-center\">Voici une des premi\u00e8res compositions du groupe avec les filles : Chantal, Sylvie et Dominique.<\/p>\n\n\n\n<blockquote class=\"wp-block-quote has-text-align-center is-layout-flow wp-block-quote-is-layout-flow\">\n<p class=\"has-text-align-center\">Et pour les hommes : JJ, Didi, D\u00e9d\u00e9, Paulo (RIP) et moi.<\/p>\n<\/blockquote>\n<\/div><\/div>\n<\/blockquote>\n<\/div><\/div>\n<\/div>\n<\/blockquote>\n\n\n<div class=\"wp-block-image\">\n<figure class=\"aligncenter size-full\"><img loading=\"lazy\" decoding=\"async\" width=\"690\" height=\"927\" src=\"http:\/\/talleufamily.fr\/wp-content\/uploads\/2024\/09\/galaxi1.png\" alt=\"\" class=\"wp-image-279\" srcset=\"https:\/\/talleufamily.fr\/wp-content\/uploads\/2024\/09\/galaxi1.png 690w, https:\/\/talleufamily.fr\/wp-content\/uploads\/2024\/09\/galaxi1-223x300.png 223w, https:\/\/talleufamily.fr\/wp-content\/uploads\/2024\/09\/galaxi1-508x682.png 508w\" sizes=\"auto, (max-width: 690px) 100vw, 690px\" \/><\/figure>\n<\/div>\n\n\n<blockquote class=\"wp-block-quote is-layout-flow wp-block-quote-is-layout-flow\" style=\"font-style:normal;font-weight:600\">\n<p class=\"has-text-align-center\">Et une autre avec le mat\u00e9riel d\u2019\u00e9poque (rire).<\/p>\n<\/blockquote>\n\n\n<div class=\"wp-block-image\">\n<figure class=\"aligncenter size-large\"><img loading=\"lazy\" decoding=\"async\" width=\"1024\" height=\"747\" src=\"http:\/\/talleufamily.fr\/wp-content\/uploads\/2024\/09\/galaxy2-1024x747.png\" alt=\"\" class=\"wp-image-282\" srcset=\"https:\/\/talleufamily.fr\/wp-content\/uploads\/2024\/09\/galaxy2-1024x747.png 1024w, https:\/\/talleufamily.fr\/wp-content\/uploads\/2024\/09\/galaxy2-300x219.png 300w, https:\/\/talleufamily.fr\/wp-content\/uploads\/2024\/09\/galaxy2-768x560.png 768w, https:\/\/talleufamily.fr\/wp-content\/uploads\/2024\/09\/galaxy2-1536x1120.png 1536w, https:\/\/talleufamily.fr\/wp-content\/uploads\/2024\/09\/galaxy2-2048x1494.png 2048w, https:\/\/talleufamily.fr\/wp-content\/uploads\/2024\/09\/galaxy2-1240x904.png 1240w, https:\/\/talleufamily.fr\/wp-content\/uploads\/2024\/09\/galaxy2-508x371.png 508w\" sizes=\"auto, (max-width: 1024px) 100vw, 1024px\" \/><\/figure>\n<\/div>\n\n\n<div style=\"height:53px\" aria-hidden=\"true\" class=\"wp-block-spacer\"><\/div>\n\n\n<div id=\"metaslider-id-1126\" style=\"max-width: 440px; margin: 0 auto;\" class=\"ml-slider-3-91-0 metaslider metaslider-nivo metaslider-1126 ml-slider ms-theme-default\" role=\"region\" aria-roledescription=\"Slideshow\" aria-label=\"Nouveau diaporama\">\n    <div id=\"metaslider_container_1126\">\n        <div class='slider-wrapper theme-default'><div class='ribbon'><\/div><div id='metaslider_1126' class='nivoSlider'><img loading=\"lazy\" decoding=\"async\" src=\"https:\/\/talleufamily.fr\/wp-content\/uploads\/2024\/09\/concert-01-440x300.jpg\" height=\"300\" width=\"440\" title=\"concert-01\" alt=\"\" class=\"slider-1126 slide-1165\" \/><img loading=\"lazy\" decoding=\"async\" src=\"https:\/\/talleufamily.fr\/wp-content\/uploads\/2024\/09\/concert-02-440x300.jpg\" height=\"300\" width=\"440\" title=\"concert-02\" alt=\"\" class=\"slider-1126 slide-1166\" \/><img loading=\"lazy\" decoding=\"async\" src=\"https:\/\/talleufamily.fr\/wp-content\/uploads\/2024\/09\/concert-03-440x300.jpg\" height=\"300\" width=\"440\" title=\"concert-03\" alt=\"\" class=\"slider-1126 slide-1167\" \/><img loading=\"lazy\" decoding=\"async\" src=\"https:\/\/talleufamily.fr\/wp-content\/uploads\/2024\/09\/concert-04-440x300.jpg\" height=\"300\" width=\"440\" title=\"concert-04\" alt=\"\" class=\"slider-1126 slide-1168\" \/><img loading=\"lazy\" decoding=\"async\" src=\"https:\/\/talleufamily.fr\/wp-content\/uploads\/2024\/09\/concert-05-440x300.jpg\" height=\"300\" width=\"440\" title=\"concert-05\" alt=\"\" class=\"slider-1126 slide-1169\" \/><img loading=\"lazy\" decoding=\"async\" src=\"https:\/\/talleufamily.fr\/wp-content\/uploads\/2024\/09\/concert-06-440x300.jpg\" height=\"300\" width=\"440\" title=\"concert-06\" alt=\"\" class=\"slider-1126 slide-1170\" \/><img loading=\"lazy\" decoding=\"async\" src=\"https:\/\/talleufamily.fr\/wp-content\/uploads\/2024\/09\/concert-07-440x300.jpg\" height=\"300\" width=\"440\" title=\"concert-07\" alt=\"\" class=\"slider-1126 slide-1171\" \/><img loading=\"lazy\" decoding=\"async\" src=\"https:\/\/talleufamily.fr\/wp-content\/uploads\/2024\/09\/concert-08-440x300.jpg\" height=\"300\" width=\"440\" title=\"concert-08\" alt=\"\" class=\"slider-1126 slide-1172\" \/><img loading=\"lazy\" decoding=\"async\" src=\"https:\/\/talleufamily.fr\/wp-content\/uploads\/2024\/09\/concert-09-440x300.jpg\" height=\"300\" width=\"440\" title=\"concert-09\" alt=\"\" class=\"slider-1126 slide-1173\" \/><img loading=\"lazy\" decoding=\"async\" src=\"https:\/\/talleufamily.fr\/wp-content\/uploads\/2024\/09\/concert-10-440x300.jpg\" height=\"300\" width=\"440\" title=\"concert-10\" alt=\"\" class=\"slider-1126 slide-1174\" \/><img loading=\"lazy\" decoding=\"async\" src=\"https:\/\/talleufamily.fr\/wp-content\/uploads\/2024\/09\/concert-11-440x300.jpg\" height=\"300\" width=\"440\" title=\"concert-11\" alt=\"\" class=\"slider-1126 slide-1175\" \/><img loading=\"lazy\" decoding=\"async\" src=\"https:\/\/talleufamily.fr\/wp-content\/uploads\/2024\/09\/concert-12-440x300.jpg\" height=\"300\" width=\"440\" title=\"concert-12\" alt=\"\" class=\"slider-1126 slide-1176\" \/><img loading=\"lazy\" decoding=\"async\" src=\"https:\/\/talleufamily.fr\/wp-content\/uploads\/2024\/09\/concert-13-440x300.jpg\" height=\"300\" width=\"440\" title=\"concert-13\" alt=\"\" class=\"slider-1126 slide-1177\" \/><img loading=\"lazy\" decoding=\"async\" src=\"https:\/\/talleufamily.fr\/wp-content\/uploads\/2024\/09\/concert-14-440x300.jpg\" height=\"300\" width=\"440\" title=\"concert-14\" alt=\"\" class=\"slider-1126 slide-1178\" \/><img loading=\"lazy\" decoding=\"async\" src=\"https:\/\/talleufamily.fr\/wp-content\/uploads\/2024\/09\/concert-15-440x300.jpg\" height=\"300\" width=\"440\" title=\"concert-15\" alt=\"\" class=\"slider-1126 slide-1179\" \/><img loading=\"lazy\" decoding=\"async\" src=\"https:\/\/talleufamily.fr\/wp-content\/uploads\/2024\/09\/concert-16-440x300.jpg\" height=\"300\" width=\"440\" title=\"concert-16\" alt=\"\" class=\"slider-1126 slide-1180\" \/><img loading=\"lazy\" decoding=\"async\" src=\"https:\/\/talleufamily.fr\/wp-content\/uploads\/2024\/09\/concert-17-440x300.jpg\" height=\"300\" width=\"440\" title=\"concert-17\" alt=\"\" class=\"slider-1126 slide-1181\" \/><img loading=\"lazy\" decoding=\"async\" src=\"https:\/\/talleufamily.fr\/wp-content\/uploads\/2024\/09\/concert-18-440x300.jpg\" height=\"300\" width=\"440\" title=\"concert-18\" alt=\"\" class=\"slider-1126 slide-1182\" \/><img loading=\"lazy\" decoding=\"async\" src=\"https:\/\/talleufamily.fr\/wp-content\/uploads\/2024\/09\/concert-19-440x300.jpg\" height=\"300\" width=\"440\" title=\"concert-19\" alt=\"\" class=\"slider-1126 slide-1183\" \/><img loading=\"lazy\" decoding=\"async\" src=\"https:\/\/talleufamily.fr\/wp-content\/uploads\/2024\/09\/concert-20-440x300.jpg\" height=\"300\" width=\"440\" title=\"concert-20\" alt=\"\" class=\"slider-1126 slide-1184\" \/><img loading=\"lazy\" decoding=\"async\" src=\"https:\/\/talleufamily.fr\/wp-content\/uploads\/2024\/09\/concert-21-440x300.jpg\" height=\"300\" width=\"440\" title=\"concert-21\" alt=\"\" class=\"slider-1126 slide-1185\" \/><img loading=\"lazy\" decoding=\"async\" src=\"https:\/\/talleufamily.fr\/wp-content\/uploads\/2024\/09\/concert-22-440x300.jpg\" height=\"300\" width=\"440\" title=\"concert-22\" alt=\"\" class=\"slider-1126 slide-1186\" \/><img loading=\"lazy\" decoding=\"async\" src=\"https:\/\/talleufamily.fr\/wp-content\/uploads\/2024\/09\/concert-23-440x300.jpg\" height=\"300\" width=\"440\" title=\"concert-23\" alt=\"\" class=\"slider-1126 slide-1187\" \/><img loading=\"lazy\" decoding=\"async\" src=\"https:\/\/talleufamily.fr\/wp-content\/uploads\/2024\/09\/concert-24-440x300.jpg\" height=\"300\" width=\"440\" title=\"concert-24\" alt=\"\" class=\"slider-1126 slide-1188\" \/><img loading=\"lazy\" decoding=\"async\" src=\"https:\/\/talleufamily.fr\/wp-content\/uploads\/2024\/09\/concert-25-440x300.jpg\" height=\"300\" width=\"440\" title=\"concert-25\" alt=\"\" class=\"slider-1126 slide-1189\" \/><img loading=\"lazy\" decoding=\"async\" src=\"https:\/\/talleufamily.fr\/wp-content\/uploads\/2024\/09\/concert-26-440x300.jpg\" height=\"300\" width=\"440\" title=\"concert-26\" alt=\"\" class=\"slider-1126 slide-1190\" \/><img loading=\"lazy\" decoding=\"async\" src=\"https:\/\/talleufamily.fr\/wp-content\/uploads\/2024\/09\/concert-27-440x300.jpg\" height=\"300\" width=\"440\" title=\"concert-27\" alt=\"\" class=\"slider-1126 slide-1191\" \/><img loading=\"lazy\" decoding=\"async\" src=\"https:\/\/talleufamily.fr\/wp-content\/uploads\/2024\/09\/concert-28-440x300.jpg\" height=\"300\" width=\"440\" title=\"concert-28\" alt=\"\" class=\"slider-1126 slide-1192\" \/><img loading=\"lazy\" decoding=\"async\" src=\"https:\/\/talleufamily.fr\/wp-content\/uploads\/2024\/09\/concert-29-440x300.jpg\" height=\"300\" width=\"440\" title=\"concert-29\" alt=\"\" class=\"slider-1126 slide-1193\" \/><img loading=\"lazy\" decoding=\"async\" src=\"https:\/\/talleufamily.fr\/wp-content\/uploads\/2024\/09\/concert-30-440x300.jpg\" height=\"300\" width=\"440\" title=\"concert-30\" alt=\"\" class=\"slider-1126 slide-1194\" \/><img loading=\"lazy\" decoding=\"async\" src=\"https:\/\/talleufamily.fr\/wp-content\/uploads\/2024\/09\/concert-31-440x300.jpg\" height=\"300\" width=\"440\" title=\"concert-31\" alt=\"\" class=\"slider-1126 slide-1195\" \/><img loading=\"lazy\" decoding=\"async\" src=\"https:\/\/talleufamily.fr\/wp-content\/uploads\/2024\/09\/concert-32-440x300.jpg\" height=\"300\" width=\"440\" title=\"concert-32\" alt=\"\" class=\"slider-1126 slide-1196\" \/><img loading=\"lazy\" decoding=\"async\" src=\"https:\/\/talleufamily.fr\/wp-content\/uploads\/2024\/09\/concert-33-440x300.jpg\" height=\"300\" width=\"440\" title=\"concert-33\" alt=\"\" class=\"slider-1126 slide-1197\" \/><img loading=\"lazy\" decoding=\"async\" src=\"https:\/\/talleufamily.fr\/wp-content\/uploads\/2024\/09\/concert-34-440x300.jpg\" height=\"300\" width=\"440\" title=\"concert-34\" alt=\"\" class=\"slider-1126 slide-1198\" \/><img loading=\"lazy\" decoding=\"async\" src=\"https:\/\/talleufamily.fr\/wp-content\/uploads\/2024\/09\/concert-35-440x300.jpg\" height=\"300\" width=\"440\" title=\"concert-35\" alt=\"\" class=\"slider-1126 slide-1199\" \/><img loading=\"lazy\" decoding=\"async\" src=\"https:\/\/talleufamily.fr\/wp-content\/uploads\/2024\/09\/concert-36-440x300.jpg\" height=\"300\" width=\"440\" title=\"concert-36\" alt=\"\" class=\"slider-1126 slide-1200\" \/><img loading=\"lazy\" decoding=\"async\" src=\"https:\/\/talleufamily.fr\/wp-content\/uploads\/2024\/09\/concert-37-440x300.jpg\" height=\"300\" width=\"440\" title=\"concert-37\" alt=\"\" class=\"slider-1126 slide-1201\" \/><img loading=\"lazy\" decoding=\"async\" src=\"https:\/\/talleufamily.fr\/wp-content\/uploads\/2024\/09\/concert-38-440x300.jpg\" height=\"300\" width=\"440\" title=\"concert-38\" alt=\"\" class=\"slider-1126 slide-1202\" \/><\/div><\/div>\n        \n    <\/div>\n<\/div>\n\n\n\n<div style=\"height:100px\" aria-hidden=\"true\" class=\"wp-block-spacer\"><\/div>\n\n\n<!--Aller \u00e0 Mega Menu\u00a0> Emplacements du menu pour activer Max Mega Menu pour cet emplacement.-->","protected":false},"excerpt":{"rendered":"<p>Il \u00e9tait une fois un groupe de copains qui voulait faire de la musique. Le groupe \u00e9tait compos\u00e9, pour son noyau dur, de D\u00e9D\u00e9 (chant et guitare), Didi (basse et ch\u0153urs), Coco (claviers) et moi (guitare solo et ch\u0153urs), puis des batteurs selon les \u00e9poques, JJ et P\u00e9p\u00e9 et sans oublier Nico (the choriste). \u00c9galement, [&hellip;]<\/p>\n","protected":false},"author":1,"featured_media":0,"parent":0,"menu_order":0,"comment_status":"closed","ping_status":"closed","template":"","meta":{"footnotes":""},"class_list":["post-1123","page","type-page","status-publish","hentry","wp-image-borders"],"_links":{"self":[{"href":"https:\/\/talleufamily.fr\/index.php\/wp-json\/wp\/v2\/pages\/1123","targetHints":{"allow":["GET"]}}],"collection":[{"href":"https:\/\/talleufamily.fr\/index.php\/wp-json\/wp\/v2\/pages"}],"about":[{"href":"https:\/\/talleufamily.fr\/index.php\/wp-json\/wp\/v2\/types\/page"}],"author":[{"embeddable":true,"href":"https:\/\/talleufamily.fr\/index.php\/wp-json\/wp\/v2\/users\/1"}],"replies":[{"embeddable":true,"href":"https:\/\/talleufamily.fr\/index.php\/wp-json\/wp\/v2\/comments?post=1123"}],"version-history":[{"count":7,"href":"https:\/\/talleufamily.fr\/index.php\/wp-json\/wp\/v2\/pages\/1123\/revisions"}],"predecessor-version":[{"id":1210,"href":"https:\/\/talleufamily.fr\/index.php\/wp-json\/wp\/v2\/pages\/1123\/revisions\/1210"}],"wp:attachment":[{"href":"https:\/\/talleufamily.fr\/index.php\/wp-json\/wp\/v2\/media?parent=1123"}],"curies":[{"name":"wp","href":"https:\/\/api.w.org\/{rel}","templated":true}]}}